{"id":72,"date":"2024-07-29T12:47:57","date_gmt":"2024-07-29T12:47:57","guid":{"rendered":"https:\/\/pssstterapi.dk\/?page_id=72"},"modified":"2024-08-04T13:54:20","modified_gmt":"2024-08-04T13:54:20","slug":"hvad-koster-det","status":"publish","type":"page","link":"https:\/\/pssstterapi.dk\/?page_id=72","title":{"rendered":"Hvad koster det?"},"content":{"rendered":"\n<p>Normalt tager jeg, som NLP Master Practitioner, kr. 350 for en times samtale, men hvis du vil hj\u00e6lpe mig med at blive f\u00e6rdiguddannet som psykoterapeut, vil jeg tilbyde dig 5 gratis timer, hvor vi kan vende alt, hvad du finder vigtigt at f\u00e5 dr\u00f8ftet. I f\u00f8rste omgang skal jeg bruge 15 tr\u00e6ningsklienter.<\/p>\n\n\n\n<p>Din hj\u00e6lp vil best\u00e5 i at v\u00e6re klient i en session, hvor en af mine medstuderende (Observat\u00f8r) eller min supervisor vil v\u00e6re til stede, enten fysisk i lokalet eller via internettet. Deres opgave er at observere mig og det, jeg siger og g\u00f8r, s\u00e5 de efterf\u00f8lgende kan give mig en tilbagemelding p\u00e5, hvad jeg kan forbedre i de samtaler, jeg afholder. B\u00e5de jeg, mine medstuderende og supervisor er omfattet af tavshedspligten.<\/p>\n\n\n\n<figure class=\"wp-block-image size-large\"><img loading=\"lazy\" decoding=\"async\" width=\"1024\" height=\"768\" src=\"https:\/\/pssstterapi.dk\/wp-content\/uploads\/2024\/07\/svane-1024x768.jpg\" alt=\"\" class=\"wp-image-78\" srcset=\"https:\/\/pssstterapi.dk\/wp-content\/uploads\/2024\/07\/svane-1024x768.jpg 1024w, https:\/\/pssstterapi.dk\/wp-content\/uploads\/2024\/07\/svane-300x225.jpg 300w, https:\/\/pssstterapi.dk\/wp-content\/uploads\/2024\/07\/svane-768x576.jpg 768w, https:\/\/pssstterapi.dk\/wp-content\/uploads\/2024\/07\/svane-1536x1152.jpg 1536w, https:\/\/pssstterapi.dk\/wp-content\/uploads\/2024\/07\/svane-2048x1536.jpg 2048w\" sizes=\"auto, (max-width: 1024px) 100vw, 1024px\" \/><\/figure>\n\n\n\n<div class=\"wp-block-group has-global-padding is-layout-constrained wp-block-group-is-layout-constrained\">\n<div class=\"wp-block-group is-vertical is-content-justification-center is-layout-flex wp-container-core-group-is-layout-838cd1cc wp-block-group-is-layout-flex\" style=\"padding-top:var(--wp--preset--spacing--40);padding-bottom:var(--wp--preset--spacing--50)\"><div class=\"is-default-size wp-block-site-logo\"><a href=\"https:\/\/pssstterapi.dk\/\" class=\"custom-logo-link\" rel=\"home\"><img loading=\"lazy\" decoding=\"async\" width=\"800\" height=\"361\" src=\"https:\/\/pssstterapi.dk\/wp-content\/uploads\/2024\/07\/finalm.jpg\" class=\"custom-logo\" alt=\"Pssst Psykoterapi &amp; Coaching\" srcset=\"https:\/\/pssstterapi.dk\/wp-content\/uploads\/2024\/07\/finalm.jpg 800w, https:\/\/pssstterapi.dk\/wp-content\/uploads\/2024\/07\/finalm-300x135.jpg 300w, https:\/\/pssstterapi.dk\/wp-content\/uploads\/2024\/07\/finalm-768x347.jpg 768w\" sizes=\"auto, (max-width: 800px) 100vw, 800px\" \/><\/a><\/div>\n\n<p class=\"wp-block-site-tagline\">Er du klar til forandringer?<\/p>\n\n<footer class=\"wp-block-template-part\">\n<p class=\"has-text-align-left has-small-font-size\">Tlf: 60592704  \/ Mail: kontakt@pssstterapi.dk<\/p>\n<\/footer>\n\n\n<p class=\"has-text-align-center has-secondary-color has-text-color has-link-color has-small-font-size wp-elements-c04d1eb07621d3e55b93fd705b6e6bac\">\n\tDesigned with <a href=\"https:\/\/wordpress.org\" rel=\"nofollow\">WordPress<\/a>\t<\/p>\n<\/div>\n<\/div>\n","protected":false},"excerpt":{"rendered":"<p>Normalt tager jeg, som NLP Master Practitioner, kr. 350 for en times samtale, men hvis du vil hj\u00e6lpe mig med at blive f\u00e6rdiguddannet som psykoterapeut, vil jeg tilbyde dig 5 gratis timer, hvor vi kan vende alt, hvad du finder vigtigt at f\u00e5 dr\u00f8ftet. I f\u00f8rste omgang skal jeg bruge 15 tr\u00e6ningsklienter. Din hj\u00e6lp vil [&hellip;]<\/p>\n","protected":false},"author":1,"featured_media":78,"parent":0,"menu_order":0,"comment_status":"closed","ping_status":"closed","template":"","meta":{"footnotes":""},"class_list":["post-72","page","type-page","status-publish","has-post-thumbnail","hentry"],"_links":{"self":[{"href":"https:\/\/pssstterapi.dk\/index.php?rest_route=\/wp\/v2\/pages\/72","targetHints":{"allow":["GET"]}}],"collection":[{"href":"https:\/\/pssstterapi.dk\/index.php?rest_route=\/wp\/v2\/pages"}],"about":[{"href":"https:\/\/pssstterapi.dk\/index.php?rest_route=\/wp\/v2\/types\/page"}],"author":[{"embeddable":true,"href":"https:\/\/pssstterapi.dk\/index.php?rest_route=\/wp\/v2\/users\/1"}],"replies":[{"embeddable":true,"href":"https:\/\/pssstterapi.dk\/index.php?rest_route=%2Fwp%2Fv2%2Fcomments&post=72"}],"version-history":[{"count":6,"href":"https:\/\/pssstterapi.dk\/index.php?rest_route=\/wp\/v2\/pages\/72\/revisions"}],"predecessor-version":[{"id":104,"href":"https:\/\/pssstterapi.dk\/index.php?rest_route=\/wp\/v2\/pages\/72\/revisions\/104"}],"wp:featuredmedia":[{"embeddable":true,"href":"https:\/\/pssstterapi.dk\/index.php?rest_route=\/wp\/v2\/media\/78"}],"wp:attachment":[{"href":"https:\/\/pssstterapi.dk\/index.php?rest_route=%2Fwp%2Fv2%2Fmedia&parent=72"}],"curies":[{"name":"wp","href":"https:\/\/api.w.org\/{rel}","templated":true}]}}