{"id":61,"date":"2024-07-29T12:45:34","date_gmt":"2024-07-29T12:45:34","guid":{"rendered":"https:\/\/pssstterapi.dk\/?page_id=61"},"modified":"2024-08-04T13:54:36","modified_gmt":"2024-08-04T13:54:36","slug":"hvad-tilbyder-jeg","status":"publish","type":"page","link":"https:\/\/pssstterapi.dk\/?page_id=61","title":{"rendered":"Hvad tilbyder jeg?"},"content":{"rendered":"\n<p><\/p>\n\n\n\n<p>Det, jeg vil tilbyde dig, er en professionel og fortrolig samtalepartner, hvor alle emner, du v\u00e6lger, er v\u00e6sentlige. Du f\u00e5r ingen gode r\u00e5d eller opskrifter fra mig p\u00e5, hvad jeg mener er det helt rigtige for dig at g\u00f8re.<\/p>\n\n\n\n<p>Det er noget, du bestemmer, med baggrund i det, vi kommer frem til i vores samtale.<\/p>\n\n\n\n<p>Samtalerne kan holdes hos mig, hos dig, p\u00e5 internettet eller i naturen, alt efter hvad der passer dig bedst.<\/p>\n\n\n\n<p>Mit udgangspunkt for vores samtaler er NLP, som er psykologiske og p\u00e6dagogiske v\u00e6rkt\u00f8jer, der vil s\u00e6tte os i stand til at finde de ressourcer, som du er i besiddelse af, men m\u00e5ske ikke selv er klar over.<\/p>\n\n\n\n<p><strong>Hvad kan jeg forvente sker i samtalen?<\/strong><\/p>\n\n\n\n<p>Hvad vi skal tale om, er som sagt noget, du bestemmer, men uanset hvilket emne du \u00f8nsker at tale om, s\u00e5 er det noget, vi sammen unders\u00f8ger og er nysgerrige p\u00e5.<\/p>\n\n\n\n<p>Jeg vil undervejs i vores samtale sp\u00f8rge n\u00e6rmere til det, du siger om:<\/p>\n\n\n\n<ul class=\"wp-block-list\">\n<li>Din nuv\u00e6rende oplevelse af situationen,<\/li>\n\n\n\n<li>Hvad det er, du egentlig \u00f8nsker dig skal ske fremover,<\/li>\n\n\n\n<li>Hvad der kan v\u00e6re \u00e5rsager til, at du ikke allerede nu har \u00e6ndret det selv,<\/li>\n\n\n\n<li>Hvilke erfaringer i tilsvarende situationer du eventuelt kan tr\u00e6kke p\u00e5,<\/li>\n\n\n\n<li>Hvilken betydning \u00e6ndringen vil have for dig eller andre, samt hvilke trin du skal tage for at realisere det, du \u00f8nsker at opn\u00e5.<\/li>\n<\/ul>\n\n\n\n<p>Hvis jeg vurderer, at det vil v\u00e6re gavnligt for dig, vil der ogs\u00e5 v\u00e6re nogle sm\u00e5 \u00f8velser undervejs, som for nogle mennesker vil f\u00f8les anderledes og for andre igen v\u00e6re sp\u00e6ndende. Men uanset den personlige oplevelse, s\u00e5 er det \u00f8velser, der er virksomme og gennempr\u00f8vet af mange andre mennesker, og personligt ved jeg, at de virker, hvis man er nysgerrig efter at afpr\u00f8ve dem.<\/p>\n\n\n\n<p>Uanset hvad der sker undervejs, s\u00e5 er det hele tiden dig, der bestemmer, hvor langt vi skal g\u00e5 ned i de enkelte emner, og hvad der skal ske. Det er nemlig vigtigt, at du er klar til det. S\u00e5 emner, der er sv\u00e6re at tale om, skal m\u00e5ske parkeres for en stund.<\/p>\n\n\n\n<p><strong>Skal jeg forberede mig til m\u00f8det<\/strong>?<\/p>\n\n\n\n<p>Egentlig ikke. Men det ville v\u00e6re godt, hvis du p\u00e5 forh\u00e5nd har t\u00e6nkt over, hvad det er, du gerne vil forandre i fremtiden i forhold til din nuv\u00e6rende situation her i livet, og m\u00e5ske vigtigst af alt, at du stiller dig selv sp\u00f8rgsm\u00e5let: Er jeg klar til at ville \u00e6ndre p\u00e5 tingene, og er jeg \u00e5ben for at tale om det?<\/p>\n\n\n\n<p>Du kan m\u00e5ske forestille dig, at det, du st\u00e5r overfor, er, at alt, hvad du har oplevet her i livet, b\u00e5de de gode og d\u00e5rlige ting, har du taget med dig usorteret i livets rygs\u00e6k. En rygs\u00e6k, som gennem \u00e5rene kun er blevet tungere og tungere. Du er nu kommet til det sted i livet, hvor du er klar til at se p\u00e5 indholdet i rygs\u00e6kken og tr\u00e6ffe en beslutning om, hvilke dele af indholdet du har brug for fremover, og hvilke dele, der for en tid eller altid skal efterlades her, hvor du er lige nu i livet.<\/p>\n\n\n\n<p><strong>Hvad kunne v\u00e6re emner at tage op i en samtale?<\/strong><\/p>\n\n\n\n<p>Alle emner er v\u00e6sentlige, og intet emne er for sm\u00e5t eller m\u00e6rkeligt, men nogle af de emner, jeg er st\u00f8dt p\u00e5 som klient og terapeut, er:<\/p>\n\n\n\n<ul class=\"wp-block-list\">\n<li>Hvad er det, der forhindrer mig i at opn\u00e5 det, jeg \u00f8nsker mig her i livet?<\/li>\n\n\n\n<li>Hvorfor er der nogle mennesker, som bare altid irriterer mig?<\/li>\n\n\n\n<li>Hvorfor er det sv\u00e6rt for mig at tr\u00e6ffe et valg i forhold til job og uddannelse?<\/li>\n\n\n\n<li>Hvorfor er det sv\u00e6rt for mig at sige nej til andre?<\/li>\n\n\n\n<li>Er det rigtigt for mig at lave et jobskifte?<\/li>\n\n\n\n<li>Hvorfor er jeg bange for slanger og edderkopper?<\/li>\n\n\n\n<li>Hvorfor er det sv\u00e6rt at g\u00e5 til eksamen?<\/li>\n\n\n\n<li>Hvorfor sk\u00e6ndes jeg altid med min bror eller s\u00f8ster?<\/li>\n<\/ul>\n\n\n\n<p>Selvom du m\u00e5ske f\u00f8ler, at dit emne ikke lige passer til ovenn\u00e6vnte, s\u00e5 hold fast i det og tag det med. S\u00e5 ser vi p\u00e5 det sammen.<\/p>\n\n\n\n<figure class=\"wp-block-image size-large\"><img loading=\"lazy\" decoding=\"async\" width=\"1024\" height=\"768\" src=\"https:\/\/pssstterapi.dk\/wp-content\/uploads\/2024\/07\/ballon-1024x768.jpg\" alt=\"\" class=\"wp-image-63\" srcset=\"https:\/\/pssstterapi.dk\/wp-content\/uploads\/2024\/07\/ballon-1024x768.jpg 1024w, https:\/\/pssstterapi.dk\/wp-content\/uploads\/2024\/07\/ballon-300x225.jpg 300w, https:\/\/pssstterapi.dk\/wp-content\/uploads\/2024\/07\/ballon-768x576.jpg 768w, https:\/\/pssstterapi.dk\/wp-content\/uploads\/2024\/07\/ballon-1536x1152.jpg 1536w, https:\/\/pssstterapi.dk\/wp-content\/uploads\/2024\/07\/ballon-2048x1536.jpg 2048w\" sizes=\"auto, (max-width: 1024px) 100vw, 1024px\" \/><\/figure>\n\n\n\n<div class=\"wp-block-group has-global-padding is-layout-constrained wp-block-group-is-layout-constrained\">\n<div class=\"wp-block-group is-vertical is-content-justification-center is-layout-flex wp-container-core-group-is-layout-838cd1cc wp-block-group-is-layout-flex\" style=\"padding-top:var(--wp--preset--spacing--40);padding-bottom:var(--wp--preset--spacing--50)\"><div class=\"is-default-size wp-block-site-logo\"><a href=\"https:\/\/pssstterapi.dk\/\" class=\"custom-logo-link\" rel=\"home\"><img loading=\"lazy\" decoding=\"async\" width=\"800\" height=\"361\" src=\"https:\/\/pssstterapi.dk\/wp-content\/uploads\/2024\/07\/finalm.jpg\" class=\"custom-logo\" alt=\"Pssst Psykoterapi &amp; Coaching\" srcset=\"https:\/\/pssstterapi.dk\/wp-content\/uploads\/2024\/07\/finalm.jpg 800w, https:\/\/pssstterapi.dk\/wp-content\/uploads\/2024\/07\/finalm-300x135.jpg 300w, https:\/\/pssstterapi.dk\/wp-content\/uploads\/2024\/07\/finalm-768x347.jpg 768w\" sizes=\"auto, (max-width: 800px) 100vw, 800px\" \/><\/a><\/div>\n\n<p class=\"wp-block-site-tagline\">Er du klar til forandringer?<\/p>\n\n<footer class=\"wp-block-template-part\">\n<p class=\"has-text-align-left has-small-font-size\">Tlf: 60592704  \/ Mail: kontakt@pssstterapi.dk<\/p>\n<\/footer>\n\n\n<p class=\"has-text-align-center has-secondary-color has-text-color has-link-color has-small-font-size wp-elements-c04d1eb07621d3e55b93fd705b6e6bac\">\n\tDesigned with <a href=\"https:\/\/wordpress.org\" rel=\"nofollow\">WordPress<\/a>\t<\/p>\n<\/div>\n<\/div>\n","protected":false},"excerpt":{"rendered":"<p>Det, jeg vil tilbyde dig, er en professionel og fortrolig samtalepartner, hvor alle emner, du v\u00e6lger, er v\u00e6sentlige. Du f\u00e5r ingen gode r\u00e5d eller opskrifter fra mig p\u00e5, hvad jeg mener er det helt rigtige for dig at g\u00f8re. Det er noget, du bestemmer, med baggrund i det, vi kommer frem til i vores samtale. [&hellip;]<\/p>\n","protected":false},"author":1,"featured_media":63,"parent":0,"menu_order":0,"comment_status":"closed","ping_status":"closed","template":"","meta":{"footnotes":""},"class_list":["post-61","page","type-page","status-publish","has-post-thumbnail","hentry"],"_links":{"self":[{"href":"https:\/\/pssstterapi.dk\/index.php?rest_route=\/wp\/v2\/pages\/61","targetHints":{"allow":["GET"]}}],"collection":[{"href":"https:\/\/pssstterapi.dk\/index.php?rest_route=\/wp\/v2\/pages"}],"about":[{"href":"https:\/\/pssstterapi.dk\/index.php?rest_route=\/wp\/v2\/types\/page"}],"author":[{"embeddable":true,"href":"https:\/\/pssstterapi.dk\/index.php?rest_route=\/wp\/v2\/users\/1"}],"replies":[{"embeddable":true,"href":"https:\/\/pssstterapi.dk\/index.php?rest_route=%2Fwp%2Fv2%2Fcomments&post=61"}],"version-history":[{"count":8,"href":"https:\/\/pssstterapi.dk\/index.php?rest_route=\/wp\/v2\/pages\/61\/revisions"}],"predecessor-version":[{"id":108,"href":"https:\/\/pssstterapi.dk\/index.php?rest_route=\/wp\/v2\/pages\/61\/revisions\/108"}],"wp:featuredmedia":[{"embeddable":true,"href":"https:\/\/pssstterapi.dk\/index.php?rest_route=\/wp\/v2\/media\/63"}],"wp:attachment":[{"href":"https:\/\/pssstterapi.dk\/index.php?rest_route=%2Fwp%2Fv2%2Fmedia&parent=61"}],"curies":[{"name":"wp","href":"https:\/\/api.w.org\/{rel}","templated":true}]}}